{"id":2085,"date":"2025-10-11T09:04:23","date_gmt":"2025-10-11T07:04:23","guid":{"rendered":"https:\/\/www.antique-parquet.com\/fr\/?page_id=2085"},"modified":"2025-11-09T19:23:52","modified_gmt":"2025-11-09T18:23:52","slug":"impressum","status":"publish","type":"page","link":"https:\/\/www.antique-parquet.com\/fr\/impressum\/","title":{"rendered":"Impressum"},"content":{"rendered":"\t\t<div data-elementor-type=\"wp-page\" data-elementor-id=\"2085\" class=\"elementor elementor-2085\" data-elementor-post-type=\"page\">\n\t\t\t\t<div class=\"elementor-element elementor-element-b886d8a e-flex e-con-boxed e-con e-parent\" data-id=\"b886d8a\" data-element_type=\"container\" data-settings=\"{&quot;background_background&quot;:&quot;classic&quot;}\">\n\t\t\t\t\t<div class=\"e-con-inner\">\n\t\t\t\t<div class=\"elementor-element elementor-element-7ed398c elementor-invisible elementor-widget elementor-widget-heading\" data-id=\"7ed398c\" data-element_type=\"widget\" data-settings=\"{&quot;_animation&quot;:&quot;fadeInUp&quot;}\" data-widget_type=\"heading.default\">\n\t\t\t\t\t<h2 class=\"elementor-heading-title elementor-size-default\"><div class=\"trenner\">\n  <span>Mentions l\u00e9gales<\/span>\n<\/div><\/h2>\t\t\t\t<\/div>\n\t\t\t\t\t<\/div>\n\t\t\t\t<\/div>\n\t\t<div class=\"elementor-element elementor-element-ce4d472 e-flex e-con-boxed e-con e-parent\" data-id=\"ce4d472\" data-element_type=\"container\" data-settings=\"{&quot;background_background&quot;:&quot;classic&quot;}\">\n\t\t\t\t\t<div class=\"e-con-inner\">\n\t\t<div class=\"elementor-element elementor-element-f4654c3 e-con-full e-flex e-con e-child\" data-id=\"f4654c3\" data-element_type=\"container\">\n\t\t\t\t<div class=\"elementor-element elementor-element-2d227c2 elementor-widget elementor-widget-text-editor\" data-id=\"2d227c2\" data-element_type=\"widget\" data-widget_type=\"text-editor.default\">\n\t\t\t\t\t\t\t\t\t<strong>Antique \u2013 Parquet<\/strong><br>\nThomas H. Reiner<br>\nSechshauserstra\u00dfe 49\/27<br>\nA-1150 Vienne<br>\nAutriche<br>\n<h2>Contact<\/h2>\nT\u00e9l\u00e9phone : <a href=\"tel:+436767403520\">+43 676 7403520<\/a><br>\nT\u00e9l\u00e9copie : <a href=\"tel:+4367619660967\">+43 676 19660967<\/a><br>\nE-Mail : <a href=\"mailto:info@antique-parquet.com\">info@antique-parquet.com<\/a><br>\nSite Web : <a href=\"https:\/\/www.antique-parquet.com\/fr\" target=\"_blank\" rel=\"noopener\">www.antique-parquet.com\/fr<\/a><br>\n<h2>Adh\u00e9sions<\/h2>\nMembre de l&#8217;Association des Restaurateurs Autrichiens (\u00d6RV) et de l&#8217;Association des Restaurateurs (VDR, Allemagne)<br>\n<h2>Informations sur l&#8217;entreprise<\/h2>\nNum\u00e9ro de TVA : ATU 61608013<br>\nSi\u00e8ge social : Vienne, Autriche<br>\n<h2>Exon\u00e9ration de responsabilit\u00e9<\/h2>\nLe contenu de ce site Web a \u00e9t\u00e9 cr\u00e9\u00e9 avec le plus grand soin. Cependant, aucune garantie n&#8217;est donn\u00e9e quant \u00e0 l&#8217;exactitude, l&#8217;exhaustivit\u00e9 et l&#8217;actualit\u00e9 des informations.\nMalgr\u00e9 un contr\u00f4le minutieux du contenu, nous d\u00e9clinons toute responsabilit\u00e9 quant au contenu des liens externes.\nLes exploitants des pages li\u00e9es sont seuls responsables de leur contenu.<br>\n<h2>Droit d&#8217;auteur<\/h2>\nLes contenus, images et \u0153uvres publi\u00e9s sur ce site Web sont soumis au droit d&#8217;auteur.\nToute utilisation en dehors des limites du droit d&#8217;auteur n\u00e9cessite l&#8217;autorisation \u00e9crite de l&#8217;auteur ou du cr\u00e9ateur concern\u00e9.<br>\n<h2>Divulgation conform\u00e9ment \u00e0 l&#8217;article 25 de la loi sur les m\u00e9dias<\/h2>\nPropri\u00e9taire des m\u00e9dias : Thomas H. Reiner<br>\nObjet de l&#8217;entreprise : Commerce et restauration de parquets historiques<br>\nSi\u00e8ge du propri\u00e9taire des m\u00e9dias : Vienne, Autriche\n\t\t\t\t\t\t\t\t<\/div>\n\t\t\t\t<\/div>\n\t\t\t\t\t<\/div>\n\t\t\t\t<\/div>\n\t\t\t\t<\/div>\n\t\t","protected":false},"excerpt":{"rendered":"<p>Mentions l\u00e9gales Antique \u2013 Parquet Thomas H. Reiner Sechshauserstra\u00dfe 49\/27 A-1150 Vienne Autriche Contact T\u00e9l\u00e9phone : +43 676 7403520 T\u00e9l\u00e9copie : +43 676 19660967 E-Mail : info@antique-parquet.com Site Web : www.antique-parquet.com\/fr Adh\u00e9sions Membre de l&#8217;Association des Restaurateurs Autrichiens (\u00d6RV) et de l&#8217;Association des Restaurateurs (VDR, Allemagne) Informations sur l&#8217;entreprise Num\u00e9ro de TVA : ATU 61608013 [&hellip;]<\/p>\n","protected":false},"author":1,"featured_media":0,"parent":0,"menu_order":0,"comment_status":"closed","ping_status":"closed","template":"elementor_header_footer","meta":{"_acf_changed":false,"footnotes":""},"class_list":["post-2085","page","type-page","status-publish","hentry"],"acf":[],"_links":{"self":[{"href":"https:\/\/www.antique-parquet.com\/fr\/wp-json\/wp\/v2\/pages\/2085","targetHints":{"allow":["GET"]}}],"collection":[{"href":"https:\/\/www.antique-parquet.com\/fr\/wp-json\/wp\/v2\/pages"}],"about":[{"href":"https:\/\/www.antique-parquet.com\/fr\/wp-json\/wp\/v2\/types\/page"}],"author":[{"embeddable":true,"href":"https:\/\/www.antique-parquet.com\/fr\/wp-json\/wp\/v2\/users\/1"}],"replies":[{"embeddable":true,"href":"https:\/\/www.antique-parquet.com\/fr\/wp-json\/wp\/v2\/comments?post=2085"}],"version-history":[{"count":16,"href":"https:\/\/www.antique-parquet.com\/fr\/wp-json\/wp\/v2\/pages\/2085\/revisions"}],"predecessor-version":[{"id":2642,"href":"https:\/\/www.antique-parquet.com\/fr\/wp-json\/wp\/v2\/pages\/2085\/revisions\/2642"}],"wp:attachment":[{"href":"https:\/\/www.antique-parquet.com\/fr\/wp-json\/wp\/v2\/media?parent=2085"}],"curies":[{"name":"wp","href":"https:\/\/api.w.org\/{rel}","templated":true}]}}